{"id":358,"date":"2019-07-31T18:19:09","date_gmt":"2019-07-31T16:19:09","guid":{"rendered":"http:\/\/www.adrienne.at\/?page_id=358"},"modified":"2026-02-20T20:51:17","modified_gmt":"2026-02-20T19:51:17","slug":"karibik","status":"publish","type":"page","link":"https:\/\/www.adrienne.at\/?page_id=358","title":{"rendered":"Karibik"},"content":{"rendered":"<p>[et_pb_section fb_built=&#8220;1&#8243; _builder_version=&#8220;4.16&#8243; global_colors_info=&#8220;{}&#8220;][et_pb_row _builder_version=&#8220;4.16&#8243; global_colors_info=&#8220;{}&#8220;][et_pb_column type=&#8220;4_4&#8243; _builder_version=&#8220;4.16&#8243; global_colors_info=&#8220;{}&#8220;][et_pb_video src=&#8220;https:\/\/www.adrienne.at\/wp-content\/uploads\/2019\/07\/Uraubst\u00c3\u00b6rns-Karibik-.mp4&#8243; _builder_version=&#8220;4.16&#8243; global_colors_info=&#8220;{}&#8220;][\/et_pb_video][et_pb_text _builder_version=&#8220;4.16&#8243; background_enable_image=&#8220;off&#8220; global_colors_info=&#8220;{}&#8220;]<\/p>\n<h2 class=\"western\" style=\"text-align: center;\"><span style=\"text-decoration: underline; font-size: large;\"><strong><span style=\"color: #2f3943;\" color=\"#2f3943\"><span style=\"text-decoration: none;\"><span style=\"font-family: quot;\" face=\"quot\"><span size=\"4\"><span style=\"font-style: normal;\"><span style=\"background: transparent;\">Mit der Adrienne das Paradies entdecken <\/span><\/span><\/span><\/span><\/span><\/span><\/strong><\/span><span style=\"font-family: quot;\" face=\"quot\"><span style=\"font-size: large;\" size=\"4\"><\/span><\/span><\/h2>\n<p><span style=\"color: #2f3943;\" color=\"#2f3943\"><span style=\"text-decoration: none;\"><span style=\"font-family: quot;\" face=\"quot\"><span style=\"font-size: large;\" size=\"4\"><span style=\"font-style: normal;\"><span style=\"font-weight: normal;\"><span style=\"background: transparent;\">Wer tr\u00e4umt nicht davon die kalten,grauen Wintertage gegen wei\u00dfe Sandstr\u00e4nde t\u00fcrkisfarbenes Wasser und den Gl\u00fchwein gegen Cocktails unter Palmen zu tauschen. <\/span><\/span><\/span><\/span><\/span><\/span><\/span><span style=\"font-family: quot;\" face=\"quot\"><span style=\"font-size: large;\" size=\"4\"><br \/> <\/span><\/span><span style=\"color: #2f3943;\" color=\"#2f3943\"><span style=\"text-decoration: none;\"><span style=\"font-family: quot;\" face=\"quot\"><span style=\"font-size: large;\" size=\"4\"><span style=\"font-style: normal;\"><span style=\"font-weight: normal;\"><span style=\"background: transparent;\">Wir bieten mit unserer Gibsea 51 mehrere Karibikt\u00f6rns an, bei denen f\u00fcr jeden etwas dabei ist. 3 Doppelkabinen mit Na\u00dfzelle stehen f\u00fcr max. 6 G\u00e4ste zur Verf\u00fcgung. <\/span><\/span><\/span><\/span><\/span><\/span><\/span><span style=\"font-family: quot;\" face=\"quot\"><span style=\"font-size: large;\" size=\"4\"><br \/> <\/span><\/span><span style=\"color: #2f3943;\" color=\"#2f3943\"><span style=\"text-decoration: none;\"><span style=\"font-family: quot;\" face=\"quot\"><span style=\"font-size: large;\" size=\"4\"><span style=\"font-style: normal;\"><span style=\"font-weight: normal;\"><span style=\"background: transparent;\">Schnorcheln mit Schildkr\u00f6ten und bunten Fischen, Cocktails unter Palmen w\u00e4hrend man den Sonnenuntergang betrachtet und traumhafte Buchten, die noch vor dem Fr\u00fchst\u00fcck zu einem Sprung ins warme Wasser einladen.Abgesehen von Palmenstr\u00e4nden und t\u00fcrkisem Wasser sind auch Domenikas Regenw\u00e4lder mit beeindruckenden Wasserf\u00e4llen, Karneval auf St.Barth oder das legend\u00e4re Bluesfestival in Mustique einen Besuch wert. <\/span><\/span><\/span><\/span><\/span><\/span><\/span><span style=\"font-family: quot;\" face=\"quot\"><span style=\"font-size: large;\" size=\"4\"><br \/> <\/span><\/span><span style=\"color: #2f3943;\" color=\"#2f3943\"><span style=\"text-decoration: none;\"><span style=\"font-family: quot;\" face=\"quot\"><span style=\"font-size: large;\" size=\"4\"><span style=\"font-style: normal;\"><span style=\"font-weight: normal;\"><span style=\"background: transparent;\">Nicht zu vergessen die fantastischen Passatwinde, die segeln zu einem wahren Vergn\u00fcgen machen. <\/span><\/span><\/span><\/span><\/span><\/span><\/span><span style=\"font-family: quot;\" face=\"quot\"><span style=\"font-size: large;\" size=\"4\"><\/span><\/span><\/p>\n<p><span style=\"font-family: quot;\" face=\"quot\"><span style=\"font-size: large;\" size=\"4\"><br \/> <\/span><\/span><span style=\"font-family: quot;\" face=\"quot\"><span style=\"font-size: large;\" size=\"4\"><br \/> <\/span><\/span><\/p>\n<p>[\/et_pb_text][\/et_pb_column][\/et_pb_row][et_pb_row column_structure=&#8220;1_2,1_2&#8243; _builder_version=&#8220;4.22.2&#8243; global_colors_info=&#8220;{}&#8220;][et_pb_column type=&#8220;1_2&#8243; _builder_version=&#8220;4.16&#8243; global_colors_info=&#8220;{}&#8220;][et_pb_button button_url=&#8220;https:\/\/www.adrienne.at\/?page_id=409&#038;et_fb=1&#038;PageSpeed=off&#8220; button_text=&#8220;Silvestert\u00f6rn 27.12.2025 &#8211; 10.01.2026  ab\/an Martinique Preis  1300 Euro p\/P         excl.Bordkassa&#8220; _builder_version=&#8220;4.27.4&#8243; custom_button=&#8220;on&#8220; button_text_color=&#8220;#ffffff&#8220; button_bg_image=&#8220;https:\/\/www.adrienne.at\/wp-content\/uploads\/2020\/02\/EB4D0A01-84F8-48C1-8767-6A0B7614F115.jpeg&#8220; button_border_color=&#8220;#0c71c3&#8243; button_font=&#8220;Irish Grover||||||||&#8220; global_colors_info=&#8220;{}&#8220;][\/et_pb_button][et_pb_button button_url=&#8220;https:\/\/www.adrienne.at\/?page_id=321&#038;et_fb=1&#038;PageSpeed=off&#8220; button_text=&#8220;St.Vincent und die Grenadinen 14.02.2026 &#8211; 28.02.2026 an\/abMartiniquePreis p\/P 1300 \u20ac excl.Bordkassa&#8220; _builder_version=&#8220;4.27.4&#8243; custom_button=&#8220;on&#8220; button_text_color=&#8220;#e09900&#8243; button_bg_image=&#8220;https:\/\/www.adrienne.at\/wp-content\/uploads\/2019\/08\/image-16.jpeg&#8220; button_border_color=&#8220;#0c71c3&#8243; button_font=&#8220;Irish Grover||||||||&#8220; global_colors_info=&#8220;{}&#8220;][\/et_pb_button][et_pb_button button_url=&#8220;https:\/\/www.adrienne.at\/?page_id=321&#038;et_fb=1&#038;PageSpeed=off&#8220; button_text=&#8220;St.Vincent und die Grenadinen 14.03.2026 &#8211; 28.03.2026 an\/abMartiniquePreis p\/P 1300 \u20ac excl.Bordkassa&#8220; _builder_version=&#8220;4.27.4&#8243; custom_button=&#8220;on&#8220; button_text_color=&#8220;#e09900&#8243; button_bg_image=&#8220;https:\/\/www.adrienne.at\/wp-content\/uploads\/2019\/08\/image-18.jpeg&#8220; button_border_color=&#8220;#0c71c3&#8243; button_font=&#8220;Irish Grover||||||||&#8220; global_colors_info=&#8220;{}&#8220;][\/et_pb_button][\/et_pb_column][et_pb_column type=&#8220;1_2&#8243; _builder_version=&#8220;4.16&#8243; global_colors_info=&#8220;{}&#8220;][et_pb_button button_url=&#8220;https:\/\/www.adrienne.at\/?page_id=321&#8243; button_text=&#8220;Caribbean Blues Festival 17.01.2026 &#8211; 31.01.2026 ab\/an Martinique Preis p\/P 1300 \u20ac excl.Bordkassa&#8220; _builder_version=&#8220;4.27.4&#8243; custom_button=&#8220;on&#8220; button_text_color=&#8220;#ffffff&#8220; button_bg_image=&#8220;https:\/\/www.adrienne.at\/wp-content\/uploads\/2019\/08\/IMG_8265.jpg&#8220; button_border_color=&#8220;#0c71c3&#8243; button_font=&#8220;Irish Grover||||||||&#8220; global_colors_info=&#8220;{}&#8220;][\/et_pb_button][et_pb_button button_url=&#8220;https:\/\/www.adrienne.at\/?page_id=392&#038;et_fb=1&#038;PageSpeed=off&#8220; button_text=&#8220;Oneway T\u00f6rn  04.04.2026 &#8211; 18.04.2026 ab Martinique an St.MartinPreis p\/P 1300 \u20ac excl.Bordkassa&#8220; _builder_version=&#8220;4.27.4&#8243; custom_button=&#8220;on&#8220; button_text_color=&#8220;#ffffff&#8220; button_bg_image=&#8220;https:\/\/www.adrienne.at\/wp-content\/uploads\/2019\/08\/IMG_4066.jpg&#8220; button_border_color=&#8220;#0c71c3&#8243; button_font=&#8220;Irish Grover||||||||&#8220; hover_enabled=&#8220;0&#8243; global_colors_info=&#8220;{}&#8220; sticky_enabled=&#8220;0&#8243;][\/et_pb_button][\/et_pb_column][\/et_pb_row][\/et_pb_section]<\/p>\n","protected":false},"excerpt":{"rendered":"<p>Mit der Adrienne das Paradies entdecken Wer tr\u00e4umt nicht davon die kalten,grauen Wintertage gegen wei\u00dfe Sandstr\u00e4nde t\u00fcrkisfarbenes Wasser und den Gl\u00fchwein gegen Cocktails unter Palmen zu tauschen. Wir bieten mit unserer Gibsea 51 mehrere Karibikt\u00f6rns an, bei denen f\u00fcr jeden etwas dabei ist. 3 Doppelkabinen mit Na\u00dfzelle stehen f\u00fcr max. 6 G\u00e4ste zur Verf\u00fcgung. Schnorcheln [&hellip;]<\/p>\n","protected":false},"author":1,"featured_media":0,"parent":0,"menu_order":0,"comment_status":"closed","ping_status":"closed","template":"","meta":{"_et_pb_use_builder":"on","_et_pb_old_content":"","_et_gb_content_width":"","footnotes":""},"class_list":["post-358","page","type-page","status-publish","hentry"],"_links":{"self":[{"href":"https:\/\/www.adrienne.at\/index.php?rest_route=\/wp\/v2\/pages\/358","targetHints":{"allow":["GET"]}}],"collection":[{"href":"https:\/\/www.adrienne.at\/index.php?rest_route=\/wp\/v2\/pages"}],"about":[{"href":"https:\/\/www.adrienne.at\/index.php?rest_route=\/wp\/v2\/types\/page"}],"author":[{"embeddable":true,"href":"https:\/\/www.adrienne.at\/index.php?rest_route=\/wp\/v2\/users\/1"}],"replies":[{"embeddable":true,"href":"https:\/\/www.adrienne.at\/index.php?rest_route=%2Fwp%2Fv2%2Fcomments&post=358"}],"version-history":[{"count":96,"href":"https:\/\/www.adrienne.at\/index.php?rest_route=\/wp\/v2\/pages\/358\/revisions"}],"predecessor-version":[{"id":2775,"href":"https:\/\/www.adrienne.at\/index.php?rest_route=\/wp\/v2\/pages\/358\/revisions\/2775"}],"wp:attachment":[{"href":"https:\/\/www.adrienne.at\/index.php?rest_route=%2Fwp%2Fv2%2Fmedia&parent=358"}],"curies":[{"name":"wp","href":"https:\/\/api.w.org\/{rel}","templated":true}]}}