{"id":392,"date":"2019-08-06T15:10:17","date_gmt":"2019-08-06T13:10:17","guid":{"rendered":"https:\/\/www.adrienne.at\/?page_id=392"},"modified":"2022-03-05T19:01:04","modified_gmt":"2022-03-05T18:01:04","slug":"martinique-st-martin","status":"publish","type":"page","link":"https:\/\/www.adrienne.at\/?page_id=392","title":{"rendered":"Martinique-St. Martin"},"content":{"rendered":"<p>[et_pb_section fb_built=&#8220;1&#8243; _builder_version=&#8220;3.26.3&#8243;][et_pb_row _builder_version=&#8220;3.26.3&#8243;][et_pb_column type=&#8220;4_4&#8243; _builder_version=&#8220;3.26.3&#8243;][et_pb_slider _builder_version=&#8220;4.6.5&#8243; background_image=&#8220;https:\/\/www.adrienne.at\/wp-content\/uploads\/2019\/07\/IMG_0187.jpg&#8220; hover_enabled=&#8220;0&#8243; sticky_enabled=&#8220;0&#8243;][et_pb_slide heading=&#8220;Karibikt\u00f6rn der alles bietet&#8220; _builder_version=&#8220;4.6.5&#8243; background_color=&#8220;rgba(232,238,242,0.06)&#8220; background_enable_color=&#8220;on&#8220; background_image=&#8220;https:\/\/www.adrienne.at\/wp-content\/uploads\/2019\/07\/P1250541.jpg&#8220; background_enable_image=&#8220;on&#8220; hover_enabled=&#8220;0&#8243; sticky_transition=&#8220;on&#8220; header_font=&#8220;Irish Grover||||||||&#8220; sticky_enabled=&#8220;0&#8243;][\/et_pb_slide][\/et_pb_slider][et_pb_text _builder_version=&#8220;3.27.4&#8243;]<\/p>\n<h3 style=\"text-align: center;\"><span style=\"text-decoration: underline;\"><strong>F\u00fcr jeden was dabei<\/strong><\/span><\/h3>\n<p><span style=\"text-decoration: underline;\"><strong><\/strong><\/span><\/p>\n<p style=\"text-align: left;\">Von der Bucht Pointe du Bout ausgehend segeln wir ca. 12 Seemeilen nach St. Pierre, der ehemaligen Hauptstadt von Martinique. Unser n\u00e4chstes Ziel ist Domenika. Hier werden wir uns einen Tag Zeit nehmen um ein karibisches &#8222;Dorf&#8220; kennenzulernen und einen Ausflug zu einem der fantastischen Wasserf\u00e4lle in domenikas Regenw\u00e4ldern zu machen.<\/p>\n<p style=\"text-align: left;\">Ca. 40 Meilen n\u00f6rdlich liegt die Inselgruppe The Saints. Hier ankern wir um uns f\u00fcr die 110sm nach Antigua auszurasten.<\/p>\n<p style=\"text-align: left;\">Der geschichtstr\u00e4chtige Naturhafen English Habour mit Nelsons Dockyard ist unser erster Stopp auf Antigua.<\/p>\n<p style=\"text-align: left;\">Genug von Kultur und Geschichte, jetzt beginnt der Badespa\u00df! Der Ankerplatz vor Jolly Habour und die Buchten im Norden sind ideal geeignet um das karibische Wasser und die Sonne zu genie\u00dfen. Aufgrund der geringen Tiefe und dem sandigen Untergrund besticht das Wasser durch ein einzigartiges T\u00fcrkies und erweckt den Anschein durch eine Postkarte zu segeln.<\/p>\n<p style=\"text-align: left;\">Diese traumhafte Kulisse begleitet uns bis Barbuda. Die Koralleninsel ist umgeben von Riffen und somit sch\u00f6n zum schnorcheln. Die langen, einsamen Sandstr\u00e4nde sind vom Karallenstaub rosa gef\u00e4rbt und wer will kann die Frigattv\u00f6gelkolonie, wie sie in der Gr\u00f6\u00dfe sonst nur auf den Galapagos vorkommt, besuchen.<\/p>\n<p style=\"text-align: left;\">Von der Einsamkeit gehts ins St. Tropez der Karibik, St.Barth.<\/p>\n<p style=\"text-align: left;\">Unser T\u00f6rn endet in der Simpson Bay, der niederl\u00e4ndischen Seite St. Martins.<\/p>\n<p style=\"text-align: left;\">[\/et_pb_text][\/et_pb_column][\/et_pb_row][\/et_pb_section]<\/p>\n","protected":false},"excerpt":{"rendered":"<p>F\u00fcr jeden was dabei Von der Bucht Pointe du Bout ausgehend segeln wir ca. 12 Seemeilen nach St. Pierre, der ehemaligen Hauptstadt von Martinique. Unser n\u00e4chstes Ziel ist Domenika. Hier werden wir uns einen Tag Zeit nehmen um ein karibisches &#8222;Dorf&#8220; kennenzulernen und einen Ausflug zu einem der fantastischen Wasserf\u00e4lle in domenikas Regenw\u00e4ldern zu machen. [&hellip;]<\/p>\n","protected":false},"author":1,"featured_media":0,"parent":0,"menu_order":0,"comment_status":"closed","ping_status":"closed","template":"","meta":{"_et_pb_use_builder":"on","_et_pb_old_content":"","_et_gb_content_width":"","footnotes":""},"class_list":["post-392","page","type-page","status-publish","hentry"],"_links":{"self":[{"href":"https:\/\/www.adrienne.at\/index.php?rest_route=\/wp\/v2\/pages\/392","targetHints":{"allow":["GET"]}}],"collection":[{"href":"https:\/\/www.adrienne.at\/index.php?rest_route=\/wp\/v2\/pages"}],"about":[{"href":"https:\/\/www.adrienne.at\/index.php?rest_route=\/wp\/v2\/types\/page"}],"author":[{"embeddable":true,"href":"https:\/\/www.adrienne.at\/index.php?rest_route=\/wp\/v2\/users\/1"}],"replies":[{"embeddable":true,"href":"https:\/\/www.adrienne.at\/index.php?rest_route=%2Fwp%2Fv2%2Fcomments&post=392"}],"version-history":[{"count":11,"href":"https:\/\/www.adrienne.at\/index.php?rest_route=\/wp\/v2\/pages\/392\/revisions"}],"predecessor-version":[{"id":2064,"href":"https:\/\/www.adrienne.at\/index.php?rest_route=\/wp\/v2\/pages\/392\/revisions\/2064"}],"wp:attachment":[{"href":"https:\/\/www.adrienne.at\/index.php?rest_route=%2Fwp%2Fv2%2Fmedia&parent=392"}],"curies":[{"name":"wp","href":"https:\/\/api.w.org\/{rel}","templated":true}]}}