{"id":409,"date":"2019-08-06T15:57:50","date_gmt":"2019-08-06T13:57:50","guid":{"rendered":"https:\/\/www.adrienne.at\/?page_id=409"},"modified":"2024-07-01T10:34:45","modified_gmt":"2024-07-01T08:34:45","slug":"weihnachtstoern","status":"publish","type":"page","link":"https:\/\/www.adrienne.at\/?page_id=409","title":{"rendered":"Weihnachtst\u00f6rn"},"content":{"rendered":"<p>[et_pb_section fb_built=&#8220;1&#8243; _builder_version=&#8220;4.17.4&#8243; background_color=&#8220;RGBA(255,255,255,0)&#8220; global_colors_info=&#8220;{}&#8220;][et_pb_row _builder_version=&#8220;4.17.4&#8243; background_color=&#8220;RGBA(255,255,255,0)&#8220; global_colors_info=&#8220;{}&#8220;][et_pb_column type=&#8220;4_4&#8243; _builder_version=&#8220;4.16&#8243; global_colors_info=&#8220;{}&#8220;][et_pb_slider _builder_version=&#8220;4.17.4&#8243; background_color=&#8220;RGBA(255,255,255,0)&#8220; global_colors_info=&#8220;{}&#8220;][et_pb_slide heading=&#8220;Silvester in der Karibik&#8220; _builder_version=&#8220;4.16&#8243; header_font=&#8220;Irish Grover||||||||&#8220; background_color=&#8220;rgba(232,238,242,0.06)&#8220; background_enable_color=&#8220;on&#8220; background_image=&#8220;https:\/\/www.adrienne.at\/wp-content\/uploads\/2020\/02\/EB4D0A01-84F8-48C1-8767-6A0B7614F115.jpeg&#8220; background_enable_image=&#8220;on&#8220; global_colors_info=&#8220;{}&#8220; sticky_transition=&#8220;on&#8220;][\/et_pb_slide][\/et_pb_slider][et_pb_text _builder_version=&#8220;4.22.2&#8243; background_color=&#8220;RGBA(255,255,255,0)&#8220; background_video_mp4=&#8220;https:\/\/www.adrienne.at\/wp-content\/uploads\/2022\/10\/IMG_3470-1.mov&#8220; hover_enabled=&#8220;0&#8243; background_color_phone=&#8220;RGBA(255,255,255,0)&#8220; background_last_edited=&#8220;on|phone&#8220; background_enable_color_phone=&#8220;on&#8220; background_enable_video_mp4_phone=&#8220;off&#8220; global_colors_info=&#8220;{}&#8220; sticky_enabled=&#8220;0&#8243;]<\/p>\n<h3 style=\"text-align: center;\"><strong><span style=\"text-decoration: underline;\">Silvester unter Palmen<\/span><\/strong><\/h3>\n<p>&nbsp;<\/p>\n<p><strong>Den Weihnachtsstre\u00df vergessen! Schnell hat man das relaxte Leben der Karibik angenommen und kalte Wintertage gegen Sandstr\u00e4nde und warmes Wasser, und den Gl\u00fchwein gegen Cocktails unter Palmen getauscht<\/strong><\/p>\n<p><strong>Von Martinique aus segeln wir ca. 90 Seemeilen im Luv vorbei an St. Lucia, St. Vincent und Bequia bis in die Tobago Cays. Die Tobago Cays geh\u00f6rt zu St. Vincent und Grenadinen, das Badeparadies der kleinen Antillien. In den folgenden Tagen werden wir nur wenige Meilen zu traumhaften Inseln wie Union Island, Saltwhistle Bay und Canouan zur\u00fccklegen. Nach schnorcheln mit Schildkr\u00f6ten, Langustenbarbecue und Cocktails am Strand segeln wir diesmal im Lee der Inseln zur\u00fcck. Unser erster Stopp ist Bequia,wo wir Silvester verbringen werden. Nach einem Stopp auf St. Vincent f\u00fchrt uns ein l\u00e4ngerer Schlag zur\u00fcck Martinique. In der Bucht Anse d`Arlet kann man vor der Heimreise in den kalten Winter noch mal das traumhafte Wasser und den einen oder anderen Sundowner genie\u00dfen.<\/strong><\/p>\n<p><span style=\"text-decoration: underline;\"><strong><\/strong><\/span><\/p>\n<h4 style=\"text-align: left;\"><\/h4>\n<p>[\/et_pb_text][\/et_pb_column][\/et_pb_row][\/et_pb_section]<\/p>\n","protected":false},"excerpt":{"rendered":"<p>Silvester unter Palmen &nbsp; Den Weihnachtsstre\u00df vergessen! Schnell hat man das relaxte Leben der Karibik angenommen und kalte Wintertage gegen Sandstr\u00e4nde und warmes Wasser, und den Gl\u00fchwein gegen Cocktails unter Palmen getauscht Von Martinique aus segeln wir ca. 90 Seemeilen im Luv vorbei an St. Lucia, St. Vincent und Bequia bis in die Tobago Cays. [&hellip;]<\/p>\n","protected":false},"author":1,"featured_media":0,"parent":0,"menu_order":0,"comment_status":"closed","ping_status":"closed","template":"","meta":{"_et_pb_use_builder":"on","_et_pb_old_content":"","_et_gb_content_width":"","footnotes":""},"class_list":["post-409","page","type-page","status-publish","hentry"],"_links":{"self":[{"href":"https:\/\/www.adrienne.at\/index.php?rest_route=\/wp\/v2\/pages\/409","targetHints":{"allow":["GET"]}}],"collection":[{"href":"https:\/\/www.adrienne.at\/index.php?rest_route=\/wp\/v2\/pages"}],"about":[{"href":"https:\/\/www.adrienne.at\/index.php?rest_route=\/wp\/v2\/types\/page"}],"author":[{"embeddable":true,"href":"https:\/\/www.adrienne.at\/index.php?rest_route=\/wp\/v2\/users\/1"}],"replies":[{"embeddable":true,"href":"https:\/\/www.adrienne.at\/index.php?rest_route=%2Fwp%2Fv2%2Fcomments&post=409"}],"version-history":[{"count":38,"href":"https:\/\/www.adrienne.at\/index.php?rest_route=\/wp\/v2\/pages\/409\/revisions"}],"predecessor-version":[{"id":2423,"href":"https:\/\/www.adrienne.at\/index.php?rest_route=\/wp\/v2\/pages\/409\/revisions\/2423"}],"wp:attachment":[{"href":"https:\/\/www.adrienne.at\/index.php?rest_route=%2Fwp%2Fv2%2Fmedia&parent=409"}],"curies":[{"name":"wp","href":"https:\/\/api.w.org\/{rel}","templated":true}]}}