{"id":921,"date":"2020-01-13T17:04:52","date_gmt":"2020-01-13T16:04:52","guid":{"rendered":"https:\/\/www.adrienne.at\/?page_id=921"},"modified":"2025-05-05T19:43:20","modified_gmt":"2025-05-05T17:43:20","slug":"die-bretagne","status":"publish","type":"page","link":"https:\/\/www.adrienne.at\/?page_id=921","title":{"rendered":"Die Bretagne"},"content":{"rendered":"<p>[et_pb_section fb_built=&#8220;1&#8243; _builder_version=&#8220;4.16&#8243; global_colors_info=&#8220;{}&#8220;][et_pb_row _builder_version=&#8220;4.16&#8243; global_colors_info=&#8220;{}&#8220;][et_pb_column type=&#8220;4_4&#8243; _builder_version=&#8220;4.16&#8243; global_colors_info=&#8220;{}&#8220;][et_pb_slider _builder_version=&#8220;4.16&#8243; background_image=&#8220;https:\/\/www.adrienne.at\/wp-content\/uploads\/2020\/01\/DSC03866.jpg&#8220; global_colors_info=&#8220;{}&#8220;][\/et_pb_slider][et_pb_text _builder_version=&#8220;4.27.4&#8243; global_colors_info=&#8220;{}&#8220;]<\/p>\n<p style=\"margin-bottom: 0cm;\"><span style=\"font-family: Times New Roman,serif;\" face=\"Times New Roman, serif\"><span style=\"font-size: large;\" size=\"4\"><span style=\"color: #333333;\" color=\"#333333\">Die Bretagne liegt im \u00e4u\u00dfersten Westen Frankreich<\/span><span style=\"color: #000000;\" color=\"#000000\">s,als gr\u00f6\u00dfte<\/span><span style=\"color: #800000;\" color=\"#800000\"> <\/span><span style=\"color: #333333;\" color=\"#333333\">Halbinsel des Landes trennt sie den <\/span><span style=\"color: #000000;\" color=\"#000000\"><span style=\"text-decoration: none;\">\u00c4rmelkanal<\/span><\/span><span style=\"color: #333333;\" color=\"#333333\"> von der Biskaya. Entschieden gepr\u00e4gt haben sie keltische St\u00e4mme.Die Bretagne besticht durch Atlantikstr\u00e4nde und Badebuchten, landestypisch gutes Essen und einer rauhen K\u00fcstenlandschaft. <\/span><\/span><\/span><\/p>\n<p style=\"margin-bottom: 0cm;\"><span style=\"font-family: Times New Roman,serif;\" face=\"Times New Roman, serif\"><span style=\"font-size: large;\" size=\"4\">Der Onewayt\u00f6rn von Brest nach Lorient bietet einen idealen Einstieg in das Segeln mit Gezeiten und Strom, sowie einen Einblick in die bretonische Kultur und Inselwelt.<\/span><\/span><\/p>\n<p><span style=\"font-family: Times New Roman,serif;\" face=\"Times New Roman, serif\"><span style=\"font-size: large;\" size=\"4\">Wir werden Inseln wie Groix, Bele Isle, das Archipel der Glenans aber auch St\u00e4dte wie Audierne<\/span><span size=\"4\"><span style=\"font-size: 18px;\"><i>\u00a0<\/i><\/span><span style=\"font-size: large;\">oder Concarneau anlaufen.<\/span><\/span><\/span><\/p>\n<p style=\"margin-bottom: 0cm;\"><span style=\"font-family: Times New Roman,serif;\" face=\"Times New Roman, serif\"><span style=\"font-size: large;\" size=\"4\">T\u00f6rnplanung ist ein wichtiger Bestandteil dieser 10 Tage. Gezeitentafeln und Stromatlanten geh\u00f6ren zur t\u00e4glichen Lekture um rechtzeitig und sicher den n\u00e4chsten Hafen zu erreichen.<\/span><\/span><\/p>\n<p style=\"margin-bottom: 0cm;\"><span style=\"font-family: Times New Roman,serif;\" face=\"Times New Roman, serif\"><span style=\"font-size: large;\" size=\"4\">Neben dem Segeln haben wir genug Zeit Inseln zu erkunden ,M\u00e4rkte zu besuchen und frischen Fisch, Gem\u00fcse und herrlichen K\u00e4se f\u00fcr unsere Bordk\u00fcche zu kaufen.<\/span><\/span><\/p>\n<p style=\"margin-bottom: 0cm;\"><span style=\"font-family: Times New Roman,serif;\" face=\"Times New Roman, serif\"><span style=\"font-size: large;\" size=\"4\">Die Bretagne ist mit einer Kombination aus Flug nach Paris und Weiterfahrt mit dem TGV sehr komfortabel zu erreichen.<\/span><\/span><\/p>\n<p style=\"margin-bottom: 0cm;\"><span style=\"font-family: Times New Roman,serif;\" face=\"Times New Roman, serif\"><span style=\"font-size: large;\" size=\"4\"><a href=\"http:\/\/www.adrienne.at\/\"><\/a><\/span><\/span><\/p>\n<p style=\"margin-bottom: 0cm;\">\n<p style=\"margin-bottom: 0cm;\">\n<p>[\/et_pb_text][et_pb_button button_url=&#8220;https:\/\/www.adrienne.at\/?page_id=321&#8243; button_text=&#8220;Mehr Infos&#8220; _builder_version=&#8220;4.16&#8243; global_colors_info=&#8220;{}&#8220;][\/et_pb_button][\/et_pb_column][\/et_pb_row][\/et_pb_section]<\/p>\n","protected":false},"excerpt":{"rendered":"<p>Die Bretagne liegt im \u00e4u\u00dfersten Westen Frankreichs,als gr\u00f6\u00dfte Halbinsel des Landes trennt sie den \u00c4rmelkanal von der Biskaya. Entschieden gepr\u00e4gt haben sie keltische St\u00e4mme.Die Bretagne besticht durch Atlantikstr\u00e4nde und Badebuchten, landestypisch gutes Essen und einer rauhen K\u00fcstenlandschaft. Der Onewayt\u00f6rn von Brest nach Lorient bietet einen idealen Einstieg in das Segeln mit Gezeiten und Strom, sowie [&hellip;]<\/p>\n","protected":false},"author":1,"featured_media":0,"parent":0,"menu_order":0,"comment_status":"closed","ping_status":"closed","template":"","meta":{"_et_pb_use_builder":"on","_et_pb_old_content":"","_et_gb_content_width":"","footnotes":""},"class_list":["post-921","page","type-page","status-publish","hentry"],"_links":{"self":[{"href":"https:\/\/www.adrienne.at\/index.php?rest_route=\/wp\/v2\/pages\/921","targetHints":{"allow":["GET"]}}],"collection":[{"href":"https:\/\/www.adrienne.at\/index.php?rest_route=\/wp\/v2\/pages"}],"about":[{"href":"https:\/\/www.adrienne.at\/index.php?rest_route=\/wp\/v2\/types\/page"}],"author":[{"embeddable":true,"href":"https:\/\/www.adrienne.at\/index.php?rest_route=\/wp\/v2\/users\/1"}],"replies":[{"embeddable":true,"href":"https:\/\/www.adrienne.at\/index.php?rest_route=%2Fwp%2Fv2%2Fcomments&post=921"}],"version-history":[{"count":13,"href":"https:\/\/www.adrienne.at\/index.php?rest_route=\/wp\/v2\/pages\/921\/revisions"}],"predecessor-version":[{"id":2606,"href":"https:\/\/www.adrienne.at\/index.php?rest_route=\/wp\/v2\/pages\/921\/revisions\/2606"}],"wp:attachment":[{"href":"https:\/\/www.adrienne.at\/index.php?rest_route=%2Fwp%2Fv2%2Fmedia&parent=921"}],"curies":[{"name":"wp","href":"https:\/\/api.w.org\/{rel}","templated":true}]}}